{"id":119,"date":"2025-06-25T13:37:35","date_gmt":"2025-06-25T13:37:35","guid":{"rendered":"http:\/\/dziecispiewaja.pl\/about-us\/"},"modified":"2026-02-18T08:47:55","modified_gmt":"2026-02-18T08:47:55","slug":"about-us","status":"publish","type":"page","link":"https:\/\/dziecispiewaja.pl\/?page_id=119","title":{"rendered":"O nas"},"content":{"rendered":"\n<div class=\"wp-block-uagb-container uagb-layout-grid uagb-block-f9b6823f alignfull uagb-is-root-container\"><div class=\"uagb-container-inner-blocks-wrap\">\n<div class=\"wp-block-uagb-advanced-heading uagb-block-f14391ff\"><h3 class=\"uagb-heading-text\">Czym si\u0119 zajmujemy<\/h3><\/div>\n\n\n\n<div class=\"wp-block-uagb-info-box uagb-block-56808190 uagb-infobox__content-wrap  uagb-infobox-icon-above-title uagb-infobox-image-valign-top wp-block-uagb-info-box--has-margin\"><div class=\"uagb-infobox-margin-wrapper\"><div class=\"uagb-ifb-content\"><div class=\"uagb-ifb-title-wrap\"><\/div><p class=\"uagb-ifb-desc\">Dane firmowe.<\/p><div class=\"uagb-ifb-button-wrapper wp-block-button\"><a href=\"#Niniejsza-witryna\" class=\"uagb-infobox-cta-link wp-block-button__link\" target=\"_self\" rel=\"noopener noreferrer\" onclick=\"return true;\"><span class=\"uagb-inline-editing\">Wi\u0119cej informacji<\/span><\/a><\/div><\/div><\/div><\/div>\n<\/div><\/div>\n\n\n\n<div class=\"wp-block-uagb-container uagb-block-9838c905 alignfull uagb-is-root-container\"><div class=\"uagb-container-inner-blocks-wrap\">\n<div class=\"wp-block-uagb-advanced-heading uagb-block-899619b6\"><h2 class=\"uagb-heading-text\">Nasz zesp\u00f3\u0142<\/h2><p class=\"uagb-desc-text\"><a href=\"#Niniejsza witryna\" title=\"Niniejsza-witryna\">Niniejsza witryna<\/a> to efekt naszej wsp\u00f3\u0142pracy i do\u015bwiadczenia. Team Dzieci \u015bpiewaj\u0105 od kuchni to:<br>Agnieszka &#8211; rytmiczka od 17 lat pracuj\u0105ca w publicznych i niepublicznych przedszkolach,<br>Tomek m\u0142odszy &#8211; tr\u0119bacz, wokalista, realizator d\u017awi\u0119ku<br>Marek &#8211; spec od AI, nowych technologii, gitarzysta i wokalista<br>Tomek starszy &#8211; spec od sprz\u0119tu, stron i promocji.<br>Ch\u0119tnie pokazaliby\u015bmy nasze zdj\u0119cia podczas pracy, ale rejestracja witryny wi\u0105za\u0142a si\u0119 z upublicznieniem tak du\u017cej ilo\u015bci naszych danych, \u017ce na razie mamy do\u015b\u0107. Tymczasem pracujemy nieustannie nad nowymi pomys\u0142ami, bo chcemy ju\u017c nied\u0142ugo sta\u0107 si\u0119 Waszym ulubionym serwisem muzycznym\u00a0dla\u00a0dzieci..<\/p><\/div>\n\n\n\n<div class=\"wp-block-uagb-image aligncenter uagb-block-f49f13f1 wp-block-uagb-image--layout-default wp-block-uagb-image--effect-static wp-block-uagb-image--align-center\"><figure class=\"wp-block-uagb-image__figure\"><img loading=\"lazy\" decoding=\"async\" srcset=\"https:\/\/dziecispiewaja.pl\/wp-content\/uploads\/2025\/11\/Zespol-1024x683.jpeg ,https:\/\/dziecispiewaja.pl\/wp-content\/uploads\/2025\/11\/Zespol.jpeg 780w, https:\/\/dziecispiewaja.pl\/wp-content\/uploads\/2025\/11\/Zespol.jpeg 360w\" sizes=\"auto, (max-width: 480px) 150px\" src=\"https:\/\/dziecispiewaja.pl\/wp-content\/uploads\/2025\/11\/Zespol-1024x683.jpeg\" alt=\"\" class=\"uag-image-2607\" width=\"1920\" height=\"1080\" title=\"\" role=\"presentation\"\/><\/figure><\/div>\n\n\n\n<div class=\"wp-block-uagb-container uagb-layout-grid uagb-block-719d324d\">\n<div class=\"wp-block-uagb-advanced-heading uagb-block-49080780\" id=\"Niniejsza-witryna\"><\/div>\n\n\n\n<div class=\"wp-block-uagb-advanced-heading uagb-block-67da4369\"><p class=\"uagb-heading-text\">Operatorem technicznym i finansowym &#8222;Dzieci \u015bpiewaj\u0105&#8221;, w tym sklepu internetowego, jest TOMiTON Agnieszka B\u0142onkiewicz,<br>ul. Browarna 2\/6, 80-842 Gda\u0144sk. NIP: 843-137-36-90, REGON,&nbsp;191647727.<\/p><\/div>\n<\/div>\n<\/div><\/div>\n","protected":false},"excerpt":{"rendered":"<p>Czym si\u0119 zajmujemy Nasz zesp\u00f3\u0142 Niniejsza witryna to efekt naszej wsp\u00f3\u0142pracy i do\u015bwiadczenia. Team Dzieci \u015bpiewaj\u0105 od kuchni to:Agnieszka &#8211; rytmiczka od 17 lat pracuj\u0105ca w publicznych i niepublicznych przedszkolach,Tomek m\u0142odszy &#8211; tr\u0119bacz, wokalista, realizator d\u017awi\u0119kuMarek &#8211; spec od AI, nowych technologii, gitarzysta i wokalistaTomek starszy &#8211; spec od sprz\u0119tu, stron i promocji.Ch\u0119tnie pokazaliby\u015bmy nasze [&hellip;]<\/p>\n","protected":false},"author":1,"featured_media":0,"parent":0,"menu_order":0,"comment_status":"closed","ping_status":"closed","template":"","meta":{"_uag_custom_page_level_css":"","_monsterinsights_skip_tracking":false,"_monsterinsights_sitenote_active":false,"_monsterinsights_sitenote_note":"","_monsterinsights_sitenote_category":0,"site-sidebar-layout":"default","site-content-layout":"plain-container","ast-site-content-layout":"full-width-container","site-content-style":"unboxed","site-sidebar-style":"unboxed","ast-global-header-display":"","ast-banner-title-visibility":"","ast-main-header-display":"","ast-hfb-above-header-display":"","ast-hfb-below-header-display":"","ast-hfb-mobile-header-display":"","site-post-title":"disabled","ast-breadcrumbs-content":"","ast-featured-img":"disabled","footer-sml-layout":"","ast-disable-related-posts":"","theme-transparent-header-meta":"enabled","adv-header-id-meta":"","stick-header-meta":"","header-above-stick-meta":"","header-main-stick-meta":"","header-below-stick-meta":"","astra-migrate-meta-layouts":"set","ast-page-background-enabled":"default","ast-page-background-meta":{"desktop":{"background-color":"var(--ast-global-color-4)","background-image":"","background-repeat":"repeat","background-position":"center center","background-size":"auto","background-attachment":"scroll","background-type":"","background-media":"","overlay-type":"","overlay-color":"","overlay-opacity":"","overlay-gradient":""},"tablet":{"background-color":"","background-image":"","background-repeat":"repeat","background-position":"center center","background-size":"auto","background-attachment":"scroll","background-type":"","background-media":"","overlay-type":"","overlay-color":"","overlay-opacity":"","overlay-gradient":""},"mobile":{"background-color":"","background-image":"","background-repeat":"repeat","background-position":"center center","background-size":"auto","background-attachment":"scroll","background-type":"","background-media":"","overlay-type":"","overlay-color":"","overlay-opacity":"","overlay-gradient":""}},"ast-content-background-meta":{"desktop":{"background-color":"var(--ast-global-color-5)","background-image":"","background-repeat":"repeat","background-position":"center center","background-size":"auto","background-attachment":"scroll","background-type":"","background-media":"","overlay-type":"","overlay-color":"","overlay-opacity":"","overlay-gradient":""},"tablet":{"background-color":"var(--ast-global-color-5)","background-image":"","background-repeat":"repeat","background-position":"center center","background-size":"auto","background-attachment":"scroll","background-type":"","background-media":"","overlay-type":"","overlay-color":"","overlay-opacity":"","overlay-gradient":""},"mobile":{"background-color":"var(--ast-global-color-5)","background-image":"","background-repeat":"repeat","background-position":"center center","background-size":"auto","background-attachment":"scroll","background-type":"","background-media":"","overlay-type":"","overlay-color":"","overlay-opacity":"","overlay-gradient":""}},"footnotes":""},"class_list":["post-119","page","type-page","status-publish","hentry"],"aioseo_notices":[],"uagb_featured_image_src":{"full":false,"thumbnail":false,"medium":false,"medium_large":false,"large":false,"1536x1536":false,"2048x2048":false,"woocommerce_thumbnail":false,"woocommerce_single":false,"woocommerce_gallery_thumbnail":false},"uagb_author_info":{"display_name":"Agnieszka B\u0142onkiewicz","author_link":"https:\/\/dziecispiewaja.pl\/?author=1"},"uagb_comment_info":0,"uagb_excerpt":"Czym si\u0119 zajmujemy Nasz zesp\u00f3\u0142 Niniejsza witryna to efekt naszej wsp\u00f3\u0142pracy i do\u015bwiadczenia. Team Dzieci \u015bpiewaj\u0105 od kuchni to:Agnieszka &#8211; rytmiczka od 17 lat pracuj\u0105ca w publicznych i niepublicznych przedszkolach,Tomek m\u0142odszy &#8211; tr\u0119bacz, wokalista, realizator d\u017awi\u0119kuMarek &#8211; spec od AI, nowych technologii, gitarzysta i wokalistaTomek starszy &#8211; spec od sprz\u0119tu, stron i promocji.Ch\u0119tnie pokazaliby\u015bmy nasze&hellip;","_links":{"self":[{"href":"https:\/\/dziecispiewaja.pl\/index.php?rest_route=\/wp\/v2\/pages\/119","targetHints":{"allow":["GET"]}}],"collection":[{"href":"https:\/\/dziecispiewaja.pl\/index.php?rest_route=\/wp\/v2\/pages"}],"about":[{"href":"https:\/\/dziecispiewaja.pl\/index.php?rest_route=\/wp\/v2\/types\/page"}],"author":[{"embeddable":true,"href":"https:\/\/dziecispiewaja.pl\/index.php?rest_route=\/wp\/v2\/users\/1"}],"replies":[{"embeddable":true,"href":"https:\/\/dziecispiewaja.pl\/index.php?rest_route=%2Fwp%2Fv2%2Fcomments&post=119"}],"version-history":[{"count":0,"href":"https:\/\/dziecispiewaja.pl\/index.php?rest_route=\/wp\/v2\/pages\/119\/revisions"}],"wp:attachment":[{"href":"https:\/\/dziecispiewaja.pl\/index.php?rest_route=%2Fwp%2Fv2%2Fmedia&parent=119"}],"curies":[{"name":"wp","href":"https:\/\/api.w.org\/{rel}","templated":true}]}}