{"id":2145,"date":"2025-08-31T11:34:10","date_gmt":"2025-08-31T11:34:10","guid":{"rendered":"https:\/\/dziecispiewaja.pl\/?post_type=product&#038;p=2145"},"modified":"2025-11-12T18:28:25","modified_gmt":"2025-11-12T18:28:25","slug":"pasowanie-2025-2","status":"publish","type":"product","link":"https:\/\/dziecispiewaja.pl\/?product=pasowanie-2025-2","title":{"rendered":"Pakiet pasowanie na przedszkolaka 2025"},"content":{"rendered":"<p>Pakiet sk\u0142ada si\u0119 z czterech piosenek plus marsz przedszkolaka.<\/p>\n<p>pakiet zawiera 26 plik\u00f3w.<\/p>\n<p>Ka\u017cda piosenka ma trzy wersje: wersja w ca\u0142o\u015bci, wersja z podk\u0142adem oraz wersja karaoke<\/p>\n<p>Dodatkowo ka\u017cda piosenka ma pliki z nutami i plik z teksem<\/p>\n","protected":false},"excerpt":{"rendered":"<p>Pakiet sk\u0142ada si\u0119 z czterech piosenek plus marsz przedszkolaka. Pos\u0142uchaj wersji demo na\u00a0<a href=\"https:\/\/youtu.be\/oKDzJWDp6i8?si=x7aShj4MLpgLPe29\"><em>Youtube<\/em><\/a>.<\/p>\n","protected":false},"featured_media":2181,"comment_status":"open","ping_status":"closed","template":"","meta":{"_uag_custom_page_level_css":"","_monsterinsights_skip_tracking":false,"_monsterinsights_sitenote_active":false,"_monsterinsights_sitenote_note":"","_monsterinsights_sitenote_category":0,"site-sidebar-layout":"default","site-content-layout":"","ast-site-content-layout":"default","site-content-style":"default","site-sidebar-style":"default","ast-global-header-display":"","ast-banner-title-visibility":"","ast-main-header-display":"","ast-hfb-above-header-display":"","ast-hfb-below-header-display":"","ast-hfb-mobile-header-display":"","site-post-title":"","ast-breadcrumbs-content":"","ast-featured-img":"","footer-sml-layout":"","ast-disable-related-posts":"","theme-transparent-header-meta":"default","adv-header-id-meta":"","stick-header-meta":"","header-above-stick-meta":"","header-main-stick-meta":"","header-below-stick-meta":"","astra-migrate-meta-layouts":"set","ast-page-background-enabled":"default","ast-page-background-meta":{"desktop":{"background-color":"var(--ast-global-color-4)","background-image":"","background-repeat":"repeat","background-position":"center center","background-size":"auto","background-attachment":"scroll","background-type":"","background-media":"","overlay-type":"","overlay-color":"","overlay-opacity":"","overlay-gradient":""},"tablet":{"background-color":"","background-image":"","background-repeat":"repeat","background-position":"center center","background-size":"auto","background-attachment":"scroll","background-type":"","background-media":"","overlay-type":"","overlay-color":"","overlay-opacity":"","overlay-gradient":""},"mobile":{"background-color":"","background-image":"","background-repeat":"repeat","background-position":"center center","background-size":"auto","background-attachment":"scroll","background-type":"","background-media":"","overlay-type":"","overlay-color":"","overlay-opacity":"","overlay-gradient":""}},"ast-content-background-meta":{"desktop":{"background-color":"var(--ast-global-color-5)","background-image":"","background-repeat":"repeat","background-position":"center center","background-size":"auto","background-attachment":"scroll","background-type":"","background-media":"","overlay-type":"","overlay-color":"","overlay-opacity":"","overlay-gradient":""},"tablet":{"background-color":"var(--ast-global-color-5)","background-image":"","background-repeat":"repeat","background-position":"center center","background-size":"auto","background-attachment":"scroll","background-type":"","background-media":"","overlay-type":"","overlay-color":"","overlay-opacity":"","overlay-gradient":""},"mobile":{"background-color":"var(--ast-global-color-5)","background-image":"","background-repeat":"repeat","background-position":"center center","background-size":"auto","background-attachment":"scroll","background-type":"","background-media":"","overlay-type":"","overlay-color":"","overlay-opacity":"","overlay-gradient":""}}},"product_brand":[],"product_cat":[38,46,15],"product_tag":[43],"class_list":{"0":"post-2145","1":"product","2":"type-product","3":"status-publish","4":"has-post-thumbnail","6":"product_cat-pakiet","7":"product_cat-piosenki","8":"product_cat-uncategorized","9":"product_tag-pasowanie-na-przedszkolaka","10":"desktop-align-left","11":"tablet-align-left","12":"mobile-align-left","14":"first","15":"instock","16":"downloadable","17":"virtual","18":"purchasable","19":"product-type-simple"},"aioseo_notices":[],"uagb_featured_image_src":{"full":["https:\/\/dziecispiewaja.pl\/wp-content\/uploads\/2025\/08\/Image_Pakiet2025.jpg",1600,1600,false],"thumbnail":["https:\/\/dziecispiewaja.pl\/wp-content\/uploads\/2025\/08\/Image_Pakiet2025-150x150.jpg",150,150,true],"medium":["https:\/\/dziecispiewaja.pl\/wp-content\/uploads\/2025\/08\/Image_Pakiet2025-300x300.jpg",300,300,true],"medium_large":["https:\/\/dziecispiewaja.pl\/wp-content\/uploads\/2025\/08\/Image_Pakiet2025-768x768.jpg",768,768,true],"large":["https:\/\/dziecispiewaja.pl\/wp-content\/uploads\/2025\/08\/Image_Pakiet2025-1024x1024.jpg",1024,1024,true],"1536x1536":["https:\/\/dziecispiewaja.pl\/wp-content\/uploads\/2025\/08\/Image_Pakiet2025-1536x1536.jpg",1536,1536,true],"2048x2048":["https:\/\/dziecispiewaja.pl\/wp-content\/uploads\/2025\/08\/Image_Pakiet2025.jpg",1600,1600,false],"woocommerce_thumbnail":["https:\/\/dziecispiewaja.pl\/wp-content\/uploads\/2025\/08\/Image_Pakiet2025-300x300.jpg",300,300,true],"woocommerce_single":["https:\/\/dziecispiewaja.pl\/wp-content\/uploads\/2025\/08\/Image_Pakiet2025-600x600.jpg",600,600,true],"woocommerce_gallery_thumbnail":["https:\/\/dziecispiewaja.pl\/wp-content\/uploads\/2025\/08\/Image_Pakiet2025-100x100.jpg",100,100,true]},"uagb_author_info":{"display_name":"Agnieszka B\u0142onkiewicz","author_link":"https:\/\/dziecispiewaja.pl\/?author=0"},"uagb_comment_info":1,"uagb_excerpt":"Pakiet sk\u0142ada si\u0119 z czterech piosenek plus marsz przedszkolaka. Pos\u0142uchaj wersji demo na\u00a0Youtube.","_links":{"self":[{"href":"https:\/\/dziecispiewaja.pl\/index.php?rest_route=\/wp\/v2\/product\/2145","targetHints":{"allow":["GET"]}}],"collection":[{"href":"https:\/\/dziecispiewaja.pl\/index.php?rest_route=\/wp\/v2\/product"}],"about":[{"href":"https:\/\/dziecispiewaja.pl\/index.php?rest_route=\/wp\/v2\/types\/product"}],"replies":[{"embeddable":true,"href":"https:\/\/dziecispiewaja.pl\/index.php?rest_route=%2Fwp%2Fv2%2Fcomments&post=2145"}],"wp:featuredmedia":[{"embeddable":true,"href":"https:\/\/dziecispiewaja.pl\/index.php?rest_route=\/wp\/v2\/media\/2181"}],"wp:attachment":[{"href":"https:\/\/dziecispiewaja.pl\/index.php?rest_route=%2Fwp%2Fv2%2Fmedia&parent=2145"}],"wp:term":[{"taxonomy":"product_brand","embeddable":true,"href":"https:\/\/dziecispiewaja.pl\/index.php?rest_route=%2Fwp%2Fv2%2Fproduct_brand&post=2145"},{"taxonomy":"product_cat","embeddable":true,"href":"https:\/\/dziecispiewaja.pl\/index.php?rest_route=%2Fwp%2Fv2%2Fproduct_cat&post=2145"},{"taxonomy":"product_tag","embeddable":true,"href":"https:\/\/dziecispiewaja.pl\/index.php?rest_route=%2Fwp%2Fv2%2Fproduct_tag&post=2145"}],"curies":[{"name":"wp","href":"https:\/\/api.w.org\/{rel}","templated":true}]}}