{"id":2184,"date":"2025-08-31T15:16:31","date_gmt":"2025-08-31T15:16:31","guid":{"rendered":"https:\/\/dziecispiewaja.pl\/?post_type=product&#038;p=2184"},"modified":"2026-04-07T15:26:14","modified_gmt":"2026-04-07T15:26:14","slug":"dzien-mamy-i-taty","status":"publish","type":"product","link":"https:\/\/dziecispiewaja.pl\/?product=dzien-mamy-i-taty","title":{"rendered":"Pakiet Dzie\u0144 Mamy i Taty 2026"},"content":{"rendered":"<p>Pakiet piosenek na Dzie\u0144 Mamy i Dzie\u0144 Taty.<\/p>\n<p>Pakiet sk\u0142ada si\u0119 z pi\u0119ciu piosenek. Zawiera r\u00f3wnie\u017c muzyk\u0119 na wej\u015bcie.<\/p>\n<p>Ka\u017cda piosenka ma trzy wersje: wersja w ca\u0142o\u015bci, wersja z podk\u0142adem oraz wersja karaoke<\/p>\n<p>Dodatkowo ka\u017cda piosenka ma pliki z nutami i plik z teksem<\/p>\n","protected":false},"excerpt":{"rendered":"<p>Komplet piosenek na dzie\u0144 Mamy i dzie\u0144 Taty. Zobacz nagranie na <em><a href=\"https:\/\/youtu.be\/QZLhXCSRu4k?si=E_RsD1ZncX0B4Qb5\">YouTube<\/a><\/em><\/p>\n","protected":false},"featured_media":2770,"comment_status":"open","ping_status":"closed","template":"","meta":{"_uag_custom_page_level_css":"","_monsterinsights_skip_tracking":false,"_monsterinsights_sitenote_active":false,"_monsterinsights_sitenote_note":"","_monsterinsights_sitenote_category":0,"site-sidebar-layout":"default","site-content-layout":"","ast-site-content-layout":"default","site-content-style":"default","site-sidebar-style":"default","ast-global-header-display":"","ast-banner-title-visibility":"","ast-main-header-display":"","ast-hfb-above-header-display":"","ast-hfb-below-header-display":"","ast-hfb-mobile-header-display":"","site-post-title":"","ast-breadcrumbs-content":"","ast-featured-img":"","footer-sml-layout":"","ast-disable-related-posts":"","theme-transparent-header-meta":"default","adv-header-id-meta":"","stick-header-meta":"","header-above-stick-meta":"","header-main-stick-meta":"","header-below-stick-meta":"","astra-migrate-meta-layouts":"set","ast-page-background-enabled":"default","ast-page-background-meta":{"desktop":{"background-color":"var(--ast-global-color-4)","background-image":"","background-repeat":"repeat","background-position":"center center","background-size":"auto","background-attachment":"scroll","background-type":"","background-media":"","overlay-type":"","overlay-color":"","overlay-opacity":"","overlay-gradient":""},"tablet":{"background-color":"","background-image":"","background-repeat":"repeat","background-position":"center center","background-size":"auto","background-attachment":"scroll","background-type":"","background-media":"","overlay-type":"","overlay-color":"","overlay-opacity":"","overlay-gradient":""},"mobile":{"background-color":"","background-image":"","background-repeat":"repeat","background-position":"center center","background-size":"auto","background-attachment":"scroll","background-type":"","background-media":"","overlay-type":"","overlay-color":"","overlay-opacity":"","overlay-gradient":""}},"ast-content-background-meta":{"desktop":{"background-color":"var(--ast-global-color-5)","background-image":"","background-repeat":"repeat","background-position":"center center","background-size":"auto","background-attachment":"scroll","background-type":"","background-media":"","overlay-type":"","overlay-color":"","overlay-opacity":"","overlay-gradient":""},"tablet":{"background-color":"var(--ast-global-color-5)","background-image":"","background-repeat":"repeat","background-position":"center center","background-size":"auto","background-attachment":"scroll","background-type":"","background-media":"","overlay-type":"","overlay-color":"","overlay-opacity":"","overlay-gradient":""},"mobile":{"background-color":"var(--ast-global-color-5)","background-image":"","background-repeat":"repeat","background-position":"center center","background-size":"auto","background-attachment":"scroll","background-type":"","background-media":"","overlay-type":"","overlay-color":"","overlay-opacity":"","overlay-gradient":""}}},"product_brand":[],"product_cat":[38,46,15],"product_tag":[44,74,73,75,76,77,78,79],"class_list":{"0":"post-2184","1":"product","2":"type-product","3":"status-publish","4":"has-post-thumbnail","6":"product_cat-pakiet","7":"product_cat-piosenki","8":"product_cat-uncategorized","9":"product_tag-dzien-mamy","10":"product_tag-dzien-mamy-i-taty","11":"product_tag-dzien-taty","12":"product_tag-pakiet-dzien-mamy-i-taty-2026","13":"product_tag-piosenka-na-dzien-mamy","14":"product_tag-piosenka-na-dzien-taty","15":"product_tag-piosenki-na-dzien-mamy-i-taty","16":"product_tag-piosenki-na-dzien-mamy-i-taty-2026","17":"desktop-align-left","18":"tablet-align-left","19":"mobile-align-left","21":"first","22":"instock","23":"downloadable","24":"virtual","25":"purchasable","26":"product-type-simple"},"aioseo_notices":[],"uagb_featured_image_src":{"full":["https:\/\/dziecispiewaja.pl\/wp-content\/uploads\/2026\/04\/Pakiet-MiT.kwadrat.jpg",1080,1074,false],"thumbnail":["https:\/\/dziecispiewaja.pl\/wp-content\/uploads\/2026\/04\/Pakiet-MiT.kwadrat-150x150.jpg",150,150,true],"medium":["https:\/\/dziecispiewaja.pl\/wp-content\/uploads\/2026\/04\/Pakiet-MiT.kwadrat-300x298.jpg",300,298,true],"medium_large":["https:\/\/dziecispiewaja.pl\/wp-content\/uploads\/2026\/04\/Pakiet-MiT.kwadrat-768x764.jpg",768,764,true],"large":["https:\/\/dziecispiewaja.pl\/wp-content\/uploads\/2026\/04\/Pakiet-MiT.kwadrat-1024x1018.jpg",1024,1018,true],"1536x1536":["https:\/\/dziecispiewaja.pl\/wp-content\/uploads\/2026\/04\/Pakiet-MiT.kwadrat.jpg",1080,1074,false],"2048x2048":["https:\/\/dziecispiewaja.pl\/wp-content\/uploads\/2026\/04\/Pakiet-MiT.kwadrat.jpg",1080,1074,false],"woocommerce_thumbnail":["https:\/\/dziecispiewaja.pl\/wp-content\/uploads\/2026\/04\/Pakiet-MiT.kwadrat-300x300.jpg",300,300,true],"woocommerce_single":["https:\/\/dziecispiewaja.pl\/wp-content\/uploads\/2026\/04\/Pakiet-MiT.kwadrat-600x597.jpg",600,597,true],"woocommerce_gallery_thumbnail":["https:\/\/dziecispiewaja.pl\/wp-content\/uploads\/2026\/04\/Pakiet-MiT.kwadrat-100x100.jpg",100,100,true]},"uagb_author_info":{"display_name":"Agnieszka B\u0142onkiewicz","author_link":"https:\/\/dziecispiewaja.pl\/?author=0"},"uagb_comment_info":0,"uagb_excerpt":"Komplet piosenek na dzie\u0144 Mamy i dzie\u0144 Taty. Zobacz nagranie na YouTube","_links":{"self":[{"href":"https:\/\/dziecispiewaja.pl\/index.php?rest_route=\/wp\/v2\/product\/2184","targetHints":{"allow":["GET"]}}],"collection":[{"href":"https:\/\/dziecispiewaja.pl\/index.php?rest_route=\/wp\/v2\/product"}],"about":[{"href":"https:\/\/dziecispiewaja.pl\/index.php?rest_route=\/wp\/v2\/types\/product"}],"replies":[{"embeddable":true,"href":"https:\/\/dziecispiewaja.pl\/index.php?rest_route=%2Fwp%2Fv2%2Fcomments&post=2184"}],"wp:featuredmedia":[{"embeddable":true,"href":"https:\/\/dziecispiewaja.pl\/index.php?rest_route=\/wp\/v2\/media\/2770"}],"wp:attachment":[{"href":"https:\/\/dziecispiewaja.pl\/index.php?rest_route=%2Fwp%2Fv2%2Fmedia&parent=2184"}],"wp:term":[{"taxonomy":"product_brand","embeddable":true,"href":"https:\/\/dziecispiewaja.pl\/index.php?rest_route=%2Fwp%2Fv2%2Fproduct_brand&post=2184"},{"taxonomy":"product_cat","embeddable":true,"href":"https:\/\/dziecispiewaja.pl\/index.php?rest_route=%2Fwp%2Fv2%2Fproduct_cat&post=2184"},{"taxonomy":"product_tag","embeddable":true,"href":"https:\/\/dziecispiewaja.pl\/index.php?rest_route=%2Fwp%2Fv2%2Fproduct_tag&post=2184"}],"curies":[{"name":"wp","href":"https:\/\/api.w.org\/{rel}","templated":true}]}}