{"id":2253,"date":"2025-09-02T09:12:25","date_gmt":"2025-09-02T09:12:25","guid":{"rendered":"https:\/\/dziecispiewaja.pl\/?post_type=product&#038;p=2253"},"modified":"2025-09-18T22:09:06","modified_gmt":"2025-09-18T22:09:06","slug":"dzien-niepodleglosci","status":"publish","type":"product","link":"https:\/\/dziecispiewaja.pl\/?product=dzien-niepodleglosci","title":{"rendered":"Pakiet piosenek na Dzie\u0144 Niepodleg\u0142o\u015bci 2025"},"content":{"rendered":"<p>Pakiet w przygotowaniu<\/p>\n","protected":false},"excerpt":{"rendered":"<p>Pakiet w przygotowaniu<\/p>\n","protected":false},"featured_media":2254,"comment_status":"open","ping_status":"closed","template":"","meta":{"_uag_custom_page_level_css":"","_monsterinsights_skip_tracking":false,"_monsterinsights_sitenote_active":false,"_monsterinsights_sitenote_note":"","_monsterinsights_sitenote_category":0,"site-sidebar-layout":"default","site-content-layout":"","ast-site-content-layout":"default","site-content-style":"default","site-sidebar-style":"default","ast-global-header-display":"","ast-banner-title-visibility":"","ast-main-header-display":"","ast-hfb-above-header-display":"","ast-hfb-below-header-display":"","ast-hfb-mobile-header-display":"","site-post-title":"","ast-breadcrumbs-content":"","ast-featured-img":"","footer-sml-layout":"","ast-disable-related-posts":"","theme-transparent-header-meta":"default","adv-header-id-meta":"","stick-header-meta":"","header-above-stick-meta":"","header-main-stick-meta":"","header-below-stick-meta":"","astra-migrate-meta-layouts":"set","ast-page-background-enabled":"default","ast-page-background-meta":{"desktop":{"background-color":"var(--ast-global-color-4)","background-image":"","background-repeat":"repeat","background-position":"center center","background-size":"auto","background-attachment":"scroll","background-type":"","background-media":"","overlay-type":"","overlay-color":"","overlay-opacity":"","overlay-gradient":""},"tablet":{"background-color":"","background-image":"","background-repeat":"repeat","background-position":"center center","background-size":"auto","background-attachment":"scroll","background-type":"","background-media":"","overlay-type":"","overlay-color":"","overlay-opacity":"","overlay-gradient":""},"mobile":{"background-color":"","background-image":"","background-repeat":"repeat","background-position":"center center","background-size":"auto","background-attachment":"scroll","background-type":"","background-media":"","overlay-type":"","overlay-color":"","overlay-opacity":"","overlay-gradient":""}},"ast-content-background-meta":{"desktop":{"background-color":"var(--ast-global-color-5)","background-image":"","background-repeat":"repeat","background-position":"center center","background-size":"auto","background-attachment":"scroll","background-type":"","background-media":"","overlay-type":"","overlay-color":"","overlay-opacity":"","overlay-gradient":""},"tablet":{"background-color":"var(--ast-global-color-5)","background-image":"","background-repeat":"repeat","background-position":"center center","background-size":"auto","background-attachment":"scroll","background-type":"","background-media":"","overlay-type":"","overlay-color":"","overlay-opacity":"","overlay-gradient":""},"mobile":{"background-color":"var(--ast-global-color-5)","background-image":"","background-repeat":"repeat","background-position":"center center","background-size":"auto","background-attachment":"scroll","background-type":"","background-media":"","overlay-type":"","overlay-color":"","overlay-opacity":"","overlay-gradient":""}}},"product_brand":[],"product_cat":[38,52],"product_tag":[41],"class_list":{"0":"post-2253","1":"product","2":"type-product","3":"status-publish","4":"has-post-thumbnail","6":"product_cat-pakiet","7":"product_cat-soon","8":"product_tag-dzien-niepodleglosci","9":"desktop-align-left","10":"tablet-align-left","11":"mobile-align-left","13":"first","14":"instock","15":"virtual","16":"product-type-simple"},"aioseo_notices":[],"uagb_featured_image_src":{"full":["https:\/\/dziecispiewaja.pl\/wp-content\/uploads\/2025\/09\/Obrazek.dzien-niepodleglosci.png",2048,2048,false],"thumbnail":["https:\/\/dziecispiewaja.pl\/wp-content\/uploads\/2025\/09\/Obrazek.dzien-niepodleglosci-150x150.png",150,150,true],"medium":["https:\/\/dziecispiewaja.pl\/wp-content\/uploads\/2025\/09\/Obrazek.dzien-niepodleglosci-300x300.png",300,300,true],"medium_large":["https:\/\/dziecispiewaja.pl\/wp-content\/uploads\/2025\/09\/Obrazek.dzien-niepodleglosci-768x768.png",768,768,true],"large":["https:\/\/dziecispiewaja.pl\/wp-content\/uploads\/2025\/09\/Obrazek.dzien-niepodleglosci-1024x1024.png",1024,1024,true],"1536x1536":["https:\/\/dziecispiewaja.pl\/wp-content\/uploads\/2025\/09\/Obrazek.dzien-niepodleglosci-1536x1536.png",1536,1536,true],"2048x2048":["https:\/\/dziecispiewaja.pl\/wp-content\/uploads\/2025\/09\/Obrazek.dzien-niepodleglosci.png",2048,2048,false],"woocommerce_thumbnail":["https:\/\/dziecispiewaja.pl\/wp-content\/uploads\/2025\/09\/Obrazek.dzien-niepodleglosci-300x300.png",300,300,true],"woocommerce_single":["https:\/\/dziecispiewaja.pl\/wp-content\/uploads\/2025\/09\/Obrazek.dzien-niepodleglosci-600x600.png",600,600,true],"woocommerce_gallery_thumbnail":["https:\/\/dziecispiewaja.pl\/wp-content\/uploads\/2025\/09\/Obrazek.dzien-niepodleglosci-100x100.png",100,100,true]},"uagb_author_info":{"display_name":"Agnieszka B\u0142onkiewicz","author_link":"https:\/\/dziecispiewaja.pl\/?author=0"},"uagb_comment_info":0,"uagb_excerpt":"Pakiet w przygotowaniu","_links":{"self":[{"href":"https:\/\/dziecispiewaja.pl\/index.php?rest_route=\/wp\/v2\/product\/2253","targetHints":{"allow":["GET"]}}],"collection":[{"href":"https:\/\/dziecispiewaja.pl\/index.php?rest_route=\/wp\/v2\/product"}],"about":[{"href":"https:\/\/dziecispiewaja.pl\/index.php?rest_route=\/wp\/v2\/types\/product"}],"replies":[{"embeddable":true,"href":"https:\/\/dziecispiewaja.pl\/index.php?rest_route=%2Fwp%2Fv2%2Fcomments&post=2253"}],"wp:featuredmedia":[{"embeddable":true,"href":"https:\/\/dziecispiewaja.pl\/index.php?rest_route=\/wp\/v2\/media\/2254"}],"wp:attachment":[{"href":"https:\/\/dziecispiewaja.pl\/index.php?rest_route=%2Fwp%2Fv2%2Fmedia&parent=2253"}],"wp:term":[{"taxonomy":"product_brand","embeddable":true,"href":"https:\/\/dziecispiewaja.pl\/index.php?rest_route=%2Fwp%2Fv2%2Fproduct_brand&post=2253"},{"taxonomy":"product_cat","embeddable":true,"href":"https:\/\/dziecispiewaja.pl\/index.php?rest_route=%2Fwp%2Fv2%2Fproduct_cat&post=2253"},{"taxonomy":"product_tag","embeddable":true,"href":"https:\/\/dziecispiewaja.pl\/index.php?rest_route=%2Fwp%2Fv2%2Fproduct_tag&post=2253"}],"curies":[{"name":"wp","href":"https:\/\/api.w.org\/{rel}","templated":true}]}}