{"id":2337,"date":"2025-09-18T20:17:19","date_gmt":"2025-09-18T20:17:19","guid":{"rendered":"https:\/\/dziecispiewaja.pl\/?post_type=product&#038;p=2337"},"modified":"2025-11-20T12:39:27","modified_gmt":"2025-11-20T12:39:27","slug":"prawa-dzieci","status":"publish","type":"product","link":"https:\/\/dziecispiewaja.pl\/?product=prawa-dzieci","title":{"rendered":"Prawa dzieci"},"content":{"rendered":"<p>Piosenka o prawach dziecka. Idealna dla szk\u00f3\u0142 i przedszkoli na \u015awi\u0119to Praw Dziecka.<\/p>\n","protected":false},"excerpt":{"rendered":"<p>Piosenka o prawach dziecka. Idealna dla szk\u00f3\u0142 i przedszkoli na \u015awi\u0119to Praw Dziecka. Pos\u0142uchaj wersji demo na\u00a0<em><a href=\"https:\/\/youtu.be\/LKhZ2QY2SkM?si=VkOmwpWl53UotH6O\">Youtube<\/a><\/em>.<\/p>\n","protected":false},"featured_media":2338,"comment_status":"open","ping_status":"closed","template":"","meta":{"_uag_custom_page_level_css":"","_monsterinsights_skip_tracking":false,"_monsterinsights_sitenote_active":false,"_monsterinsights_sitenote_note":"","_monsterinsights_sitenote_category":0,"site-sidebar-layout":"default","site-content-layout":"","ast-site-content-layout":"default","site-content-style":"default","site-sidebar-style":"default","ast-global-header-display":"","ast-banner-title-visibility":"","ast-main-header-display":"","ast-hfb-above-header-display":"","ast-hfb-below-header-display":"","ast-hfb-mobile-header-display":"","site-post-title":"","ast-breadcrumbs-content":"","ast-featured-img":"","footer-sml-layout":"","ast-disable-related-posts":"","theme-transparent-header-meta":"default","adv-header-id-meta":"","stick-header-meta":"","header-above-stick-meta":"","header-main-stick-meta":"","header-below-stick-meta":"","astra-migrate-meta-layouts":"set","ast-page-background-enabled":"default","ast-page-background-meta":{"desktop":{"background-color":"var(--ast-global-color-4)","background-image":"","background-repeat":"repeat","background-position":"center center","background-size":"auto","background-attachment":"scroll","background-type":"","background-media":"","overlay-type":"","overlay-color":"","overlay-opacity":"","overlay-gradient":""},"tablet":{"background-color":"","background-image":"","background-repeat":"repeat","background-position":"center center","background-size":"auto","background-attachment":"scroll","background-type":"","background-media":"","overlay-type":"","overlay-color":"","overlay-opacity":"","overlay-gradient":""},"mobile":{"background-color":"","background-image":"","background-repeat":"repeat","background-position":"center center","background-size":"auto","background-attachment":"scroll","background-type":"","background-media":"","overlay-type":"","overlay-color":"","overlay-opacity":"","overlay-gradient":""}},"ast-content-background-meta":{"desktop":{"background-color":"var(--ast-global-color-5)","background-image":"","background-repeat":"repeat","background-position":"center center","background-size":"auto","background-attachment":"scroll","background-type":"","background-media":"","overlay-type":"","overlay-color":"","overlay-opacity":"","overlay-gradient":""},"tablet":{"background-color":"var(--ast-global-color-5)","background-image":"","background-repeat":"repeat","background-position":"center center","background-size":"auto","background-attachment":"scroll","background-type":"","background-media":"","overlay-type":"","overlay-color":"","overlay-opacity":"","overlay-gradient":""},"mobile":{"background-color":"var(--ast-global-color-5)","background-image":"","background-repeat":"repeat","background-position":"center center","background-size":"auto","background-attachment":"scroll","background-type":"","background-media":"","overlay-type":"","overlay-color":"","overlay-opacity":"","overlay-gradient":""}}},"product_brand":[],"product_cat":[49,15],"product_tag":[51,50],"class_list":{"0":"post-2337","1":"product","2":"type-product","3":"status-publish","4":"has-post-thumbnail","6":"product_cat-song","7":"product_cat-uncategorized","8":"product_tag-piosenka-o-prawach-dziecka","9":"product_tag-prawa-dziecka","10":"desktop-align-left","11":"tablet-align-left","12":"mobile-align-left","14":"first","15":"instock","16":"downloadable","17":"virtual","18":"purchasable","19":"product-type-simple"},"aioseo_notices":[],"uagb_featured_image_src":{"full":["https:\/\/dziecispiewaja.pl\/wp-content\/uploads\/2025\/09\/Prawa_dzieci.png",835,831,false],"thumbnail":["https:\/\/dziecispiewaja.pl\/wp-content\/uploads\/2025\/09\/Prawa_dzieci-150x150.png",150,150,true],"medium":["https:\/\/dziecispiewaja.pl\/wp-content\/uploads\/2025\/09\/Prawa_dzieci-300x300.png",300,300,true],"medium_large":["https:\/\/dziecispiewaja.pl\/wp-content\/uploads\/2025\/09\/Prawa_dzieci-768x764.png",768,764,true],"large":["https:\/\/dziecispiewaja.pl\/wp-content\/uploads\/2025\/09\/Prawa_dzieci.png",835,831,false],"1536x1536":["https:\/\/dziecispiewaja.pl\/wp-content\/uploads\/2025\/09\/Prawa_dzieci.png",835,831,false],"2048x2048":["https:\/\/dziecispiewaja.pl\/wp-content\/uploads\/2025\/09\/Prawa_dzieci.png",835,831,false],"woocommerce_thumbnail":["https:\/\/dziecispiewaja.pl\/wp-content\/uploads\/2025\/09\/Prawa_dzieci-300x300.png",300,300,true],"woocommerce_single":["https:\/\/dziecispiewaja.pl\/wp-content\/uploads\/2025\/09\/Prawa_dzieci-600x597.png",600,597,true],"woocommerce_gallery_thumbnail":["https:\/\/dziecispiewaja.pl\/wp-content\/uploads\/2025\/09\/Prawa_dzieci-100x100.png",100,100,true]},"uagb_author_info":{"display_name":"Agnieszka B\u0142onkiewicz","author_link":"https:\/\/dziecispiewaja.pl\/?author=0"},"uagb_comment_info":0,"uagb_excerpt":"Piosenka o prawach dziecka. Idealna dla szk\u00f3\u0142 i przedszkoli na \u015awi\u0119to Praw Dziecka. Pos\u0142uchaj wersji demo na\u00a0Youtube.","_links":{"self":[{"href":"https:\/\/dziecispiewaja.pl\/index.php?rest_route=\/wp\/v2\/product\/2337","targetHints":{"allow":["GET"]}}],"collection":[{"href":"https:\/\/dziecispiewaja.pl\/index.php?rest_route=\/wp\/v2\/product"}],"about":[{"href":"https:\/\/dziecispiewaja.pl\/index.php?rest_route=\/wp\/v2\/types\/product"}],"replies":[{"embeddable":true,"href":"https:\/\/dziecispiewaja.pl\/index.php?rest_route=%2Fwp%2Fv2%2Fcomments&post=2337"}],"wp:featuredmedia":[{"embeddable":true,"href":"https:\/\/dziecispiewaja.pl\/index.php?rest_route=\/wp\/v2\/media\/2338"}],"wp:attachment":[{"href":"https:\/\/dziecispiewaja.pl\/index.php?rest_route=%2Fwp%2Fv2%2Fmedia&parent=2337"}],"wp:term":[{"taxonomy":"product_brand","embeddable":true,"href":"https:\/\/dziecispiewaja.pl\/index.php?rest_route=%2Fwp%2Fv2%2Fproduct_brand&post=2337"},{"taxonomy":"product_cat","embeddable":true,"href":"https:\/\/dziecispiewaja.pl\/index.php?rest_route=%2Fwp%2Fv2%2Fproduct_cat&post=2337"},{"taxonomy":"product_tag","embeddable":true,"href":"https:\/\/dziecispiewaja.pl\/index.php?rest_route=%2Fwp%2Fv2%2Fproduct_tag&post=2337"}],"curies":[{"name":"wp","href":"https:\/\/api.w.org\/{rel}","templated":true}]}}