{"id":2408,"date":"2025-10-19T09:28:37","date_gmt":"2025-10-19T09:28:37","guid":{"rendered":"https:\/\/green-butterfly-314848.hostingersite.com\/?post_type=product&#038;p=2408"},"modified":"2025-11-10T21:32:50","modified_gmt":"2025-11-10T21:32:50","slug":"halloween-2025","status":"publish","type":"product","link":"https:\/\/dziecispiewaja.pl\/?product=halloween-2025","title":{"rendered":"Taniec na bal\u00a0Halloween"},"content":{"rendered":"<p>Utw\u00f3r muzyczny (piosenka) dedykowana na zabaw\u0119 halloweenow\u0105 dla szk\u00f3\u0142 podstawowych<\/p>\n","protected":false},"excerpt":{"rendered":"<p>Piosenka na zabaw\u0119 halloweenow\u0105 &#8211; Pos\u0142uchaj wersji demo na <em><a href=\"https:\/\/youtu.be\/z3AZ2J_ovVQ?si=-tLIbULJ4VAzVFSj\">Youtube<\/a><\/em>.<\/p>\n","protected":false},"featured_media":2410,"comment_status":"open","ping_status":"closed","template":"","meta":{"_uag_custom_page_level_css":"","_monsterinsights_skip_tracking":false,"_monsterinsights_sitenote_active":false,"_monsterinsights_sitenote_note":"","_monsterinsights_sitenote_category":0,"site-sidebar-layout":"default","site-content-layout":"","ast-site-content-layout":"default","site-content-style":"default","site-sidebar-style":"default","ast-global-header-display":"","ast-banner-title-visibility":"","ast-main-header-display":"","ast-hfb-above-header-display":"","ast-hfb-below-header-display":"","ast-hfb-mobile-header-display":"","site-post-title":"","ast-breadcrumbs-content":"","ast-featured-img":"","footer-sml-layout":"","ast-disable-related-posts":"","theme-transparent-header-meta":"default","adv-header-id-meta":"","stick-header-meta":"","header-above-stick-meta":"","header-main-stick-meta":"","header-below-stick-meta":"","astra-migrate-meta-layouts":"set","ast-page-background-enabled":"default","ast-page-background-meta":{"desktop":{"background-color":"var(--ast-global-color-4)","background-image":"","background-repeat":"repeat","background-position":"center center","background-size":"auto","background-attachment":"scroll","background-type":"","background-media":"","overlay-type":"","overlay-color":"","overlay-opacity":"","overlay-gradient":""},"tablet":{"background-color":"","background-image":"","background-repeat":"repeat","background-position":"center center","background-size":"auto","background-attachment":"scroll","background-type":"","background-media":"","overlay-type":"","overlay-color":"","overlay-opacity":"","overlay-gradient":""},"mobile":{"background-color":"","background-image":"","background-repeat":"repeat","background-position":"center center","background-size":"auto","background-attachment":"scroll","background-type":"","background-media":"","overlay-type":"","overlay-color":"","overlay-opacity":"","overlay-gradient":""}},"ast-content-background-meta":{"desktop":{"background-color":"var(--ast-global-color-5)","background-image":"","background-repeat":"repeat","background-position":"center center","background-size":"auto","background-attachment":"scroll","background-type":"","background-media":"","overlay-type":"","overlay-color":"","overlay-opacity":"","overlay-gradient":""},"tablet":{"background-color":"var(--ast-global-color-5)","background-image":"","background-repeat":"repeat","background-position":"center center","background-size":"auto","background-attachment":"scroll","background-type":"","background-media":"","overlay-type":"","overlay-color":"","overlay-opacity":"","overlay-gradient":""},"mobile":{"background-color":"var(--ast-global-color-5)","background-image":"","background-repeat":"repeat","background-position":"center center","background-size":"auto","background-attachment":"scroll","background-type":"","background-media":"","overlay-type":"","overlay-color":"","overlay-opacity":"","overlay-gradient":""}}},"product_brand":[],"product_cat":[49,15],"product_tag":[],"class_list":{"0":"post-2408","1":"product","2":"type-product","3":"status-publish","4":"has-post-thumbnail","6":"product_cat-song","7":"product_cat-uncategorized","8":"desktop-align-left","9":"tablet-align-left","10":"mobile-align-left","12":"first","13":"instock","14":"downloadable","15":"virtual","16":"purchasable","17":"product-type-simple"},"aioseo_notices":[],"uagb_featured_image_src":{"full":["https:\/\/dziecispiewaja.pl\/wp-content\/uploads\/2025\/10\/Zrzut-ekranu-2025-10-19-112714.png",1090,1078,false],"thumbnail":["https:\/\/dziecispiewaja.pl\/wp-content\/uploads\/2025\/10\/Zrzut-ekranu-2025-10-19-112714-150x150.png",150,150,true],"medium":["https:\/\/dziecispiewaja.pl\/wp-content\/uploads\/2025\/10\/Zrzut-ekranu-2025-10-19-112714-300x297.png",300,297,true],"medium_large":["https:\/\/dziecispiewaja.pl\/wp-content\/uploads\/2025\/10\/Zrzut-ekranu-2025-10-19-112714-768x760.png",768,760,true],"large":["https:\/\/dziecispiewaja.pl\/wp-content\/uploads\/2025\/10\/Zrzut-ekranu-2025-10-19-112714-1024x1013.png",1024,1013,true],"1536x1536":["https:\/\/dziecispiewaja.pl\/wp-content\/uploads\/2025\/10\/Zrzut-ekranu-2025-10-19-112714.png",1090,1078,false],"2048x2048":["https:\/\/dziecispiewaja.pl\/wp-content\/uploads\/2025\/10\/Zrzut-ekranu-2025-10-19-112714.png",1090,1078,false],"woocommerce_thumbnail":["https:\/\/dziecispiewaja.pl\/wp-content\/uploads\/2025\/10\/Zrzut-ekranu-2025-10-19-112714-300x300.png",300,300,true],"woocommerce_single":["https:\/\/dziecispiewaja.pl\/wp-content\/uploads\/2025\/10\/Zrzut-ekranu-2025-10-19-112714-600x593.png",600,593,true],"woocommerce_gallery_thumbnail":["https:\/\/dziecispiewaja.pl\/wp-content\/uploads\/2025\/10\/Zrzut-ekranu-2025-10-19-112714-100x100.png",100,100,true]},"uagb_author_info":{"display_name":"Agnieszka B\u0142onkiewicz","author_link":"https:\/\/dziecispiewaja.pl\/?author=0"},"uagb_comment_info":0,"uagb_excerpt":"Piosenka na zabaw\u0119 halloweenow\u0105 - Pos\u0142uchaj wersji demo na Youtube.","_links":{"self":[{"href":"https:\/\/dziecispiewaja.pl\/index.php?rest_route=\/wp\/v2\/product\/2408","targetHints":{"allow":["GET"]}}],"collection":[{"href":"https:\/\/dziecispiewaja.pl\/index.php?rest_route=\/wp\/v2\/product"}],"about":[{"href":"https:\/\/dziecispiewaja.pl\/index.php?rest_route=\/wp\/v2\/types\/product"}],"replies":[{"embeddable":true,"href":"https:\/\/dziecispiewaja.pl\/index.php?rest_route=%2Fwp%2Fv2%2Fcomments&post=2408"}],"wp:featuredmedia":[{"embeddable":true,"href":"https:\/\/dziecispiewaja.pl\/index.php?rest_route=\/wp\/v2\/media\/2410"}],"wp:attachment":[{"href":"https:\/\/dziecispiewaja.pl\/index.php?rest_route=%2Fwp%2Fv2%2Fmedia&parent=2408"}],"wp:term":[{"taxonomy":"product_brand","embeddable":true,"href":"https:\/\/dziecispiewaja.pl\/index.php?rest_route=%2Fwp%2Fv2%2Fproduct_brand&post=2408"},{"taxonomy":"product_cat","embeddable":true,"href":"https:\/\/dziecispiewaja.pl\/index.php?rest_route=%2Fwp%2Fv2%2Fproduct_cat&post=2408"},{"taxonomy":"product_tag","embeddable":true,"href":"https:\/\/dziecispiewaja.pl\/index.php?rest_route=%2Fwp%2Fv2%2Fproduct_tag&post=2408"}],"curies":[{"name":"wp","href":"https:\/\/api.w.org\/{rel}","templated":true}]}}