{"id":2455,"date":"2025-11-10T21:22:20","date_gmt":"2025-11-10T21:22:20","guid":{"rendered":"https:\/\/dziecispiewaja.pl\/?post_type=product&#038;p=2455"},"modified":"2025-11-12T18:27:10","modified_gmt":"2025-11-12T18:27:10","slug":"diabelek","status":"publish","type":"product","link":"https:\/\/dziecispiewaja.pl\/?product=diabelek","title":{"rendered":"Ma\u0142y diabe\u0142ek"},"content":{"rendered":"<p>Piosenka na jase\u0142ka o ma\u0142ym diabe\u0142ku<\/p>\n","protected":false},"excerpt":{"rendered":"<p>Piosenka na jase\u0142ka o ma\u0142ym diabe\u0142ku. Pos\u0142uchaj wersji demo na <a href=\"https:\/\/youtu.be\/_y8fDSuK-B8?si=3DImaqnteqfoo5QG\"><em>Youtube<\/em><\/a>.<\/p>\n","protected":false},"featured_media":2458,"comment_status":"open","ping_status":"closed","template":"","meta":{"_uag_custom_page_level_css":"","_monsterinsights_skip_tracking":false,"_monsterinsights_sitenote_active":false,"_monsterinsights_sitenote_note":"","_monsterinsights_sitenote_category":0,"site-sidebar-layout":"default","site-content-layout":"","ast-site-content-layout":"default","site-content-style":"default","site-sidebar-style":"default","ast-global-header-display":"","ast-banner-title-visibility":"","ast-main-header-display":"","ast-hfb-above-header-display":"","ast-hfb-below-header-display":"","ast-hfb-mobile-header-display":"","site-post-title":"","ast-breadcrumbs-content":"","ast-featured-img":"","footer-sml-layout":"","ast-disable-related-posts":"","theme-transparent-header-meta":"default","adv-header-id-meta":"","stick-header-meta":"","header-above-stick-meta":"","header-main-stick-meta":"","header-below-stick-meta":"","astra-migrate-meta-layouts":"set","ast-page-background-enabled":"default","ast-page-background-meta":{"desktop":{"background-color":"var(--ast-global-color-4)","background-image":"","background-repeat":"repeat","background-position":"center center","background-size":"auto","background-attachment":"scroll","background-type":"","background-media":"","overlay-type":"","overlay-color":"","overlay-opacity":"","overlay-gradient":""},"tablet":{"background-color":"","background-image":"","background-repeat":"repeat","background-position":"center center","background-size":"auto","background-attachment":"scroll","background-type":"","background-media":"","overlay-type":"","overlay-color":"","overlay-opacity":"","overlay-gradient":""},"mobile":{"background-color":"","background-image":"","background-repeat":"repeat","background-position":"center center","background-size":"auto","background-attachment":"scroll","background-type":"","background-media":"","overlay-type":"","overlay-color":"","overlay-opacity":"","overlay-gradient":""}},"ast-content-background-meta":{"desktop":{"background-color":"var(--ast-global-color-5)","background-image":"","background-repeat":"repeat","background-position":"center center","background-size":"auto","background-attachment":"scroll","background-type":"","background-media":"","overlay-type":"","overlay-color":"","overlay-opacity":"","overlay-gradient":""},"tablet":{"background-color":"var(--ast-global-color-5)","background-image":"","background-repeat":"repeat","background-position":"center center","background-size":"auto","background-attachment":"scroll","background-type":"","background-media":"","overlay-type":"","overlay-color":"","overlay-opacity":"","overlay-gradient":""},"mobile":{"background-color":"var(--ast-global-color-5)","background-image":"","background-repeat":"repeat","background-position":"center center","background-size":"auto","background-attachment":"scroll","background-type":"","background-media":"","overlay-type":"","overlay-color":"","overlay-opacity":"","overlay-gradient":""}}},"product_brand":[],"product_cat":[49,15],"product_tag":[55,58,56,57],"class_list":{"0":"post-2455","1":"product","2":"type-product","3":"status-publish","4":"has-post-thumbnail","6":"product_cat-song","7":"product_cat-uncategorized","8":"product_tag-jaselka","9":"product_tag-maly-diabelek","10":"product_tag-piosenka-na-jaselka","11":"product_tag-piosenka-o-diabelku-na-jaselka","12":"desktop-align-left","13":"tablet-align-left","14":"mobile-align-left","16":"first","17":"instock","18":"downloadable","19":"virtual","20":"purchasable","21":"product-type-simple"},"aioseo_notices":[],"uagb_featured_image_src":{"full":["https:\/\/dziecispiewaja.pl\/wp-content\/uploads\/2025\/11\/diabelek_obraz.jpg",1024,1024,false],"thumbnail":["https:\/\/dziecispiewaja.pl\/wp-content\/uploads\/2025\/11\/diabelek_obraz-150x150.jpg",150,150,true],"medium":["https:\/\/dziecispiewaja.pl\/wp-content\/uploads\/2025\/11\/diabelek_obraz-300x300.jpg",300,300,true],"medium_large":["https:\/\/dziecispiewaja.pl\/wp-content\/uploads\/2025\/11\/diabelek_obraz-768x768.jpg",768,768,true],"large":["https:\/\/dziecispiewaja.pl\/wp-content\/uploads\/2025\/11\/diabelek_obraz.jpg",1024,1024,false],"1536x1536":["https:\/\/dziecispiewaja.pl\/wp-content\/uploads\/2025\/11\/diabelek_obraz.jpg",1024,1024,false],"2048x2048":["https:\/\/dziecispiewaja.pl\/wp-content\/uploads\/2025\/11\/diabelek_obraz.jpg",1024,1024,false],"woocommerce_thumbnail":["https:\/\/dziecispiewaja.pl\/wp-content\/uploads\/2025\/11\/diabelek_obraz-300x300.jpg",300,300,true],"woocommerce_single":["https:\/\/dziecispiewaja.pl\/wp-content\/uploads\/2025\/11\/diabelek_obraz-600x600.jpg",600,600,true],"woocommerce_gallery_thumbnail":["https:\/\/dziecispiewaja.pl\/wp-content\/uploads\/2025\/11\/diabelek_obraz-100x100.jpg",100,100,true]},"uagb_author_info":{"display_name":"Agnieszka B\u0142onkiewicz","author_link":"https:\/\/dziecispiewaja.pl\/?author=0"},"uagb_comment_info":0,"uagb_excerpt":"Piosenka na jase\u0142ka o ma\u0142ym diabe\u0142ku. Pos\u0142uchaj wersji demo na Youtube.","_links":{"self":[{"href":"https:\/\/dziecispiewaja.pl\/index.php?rest_route=\/wp\/v2\/product\/2455","targetHints":{"allow":["GET"]}}],"collection":[{"href":"https:\/\/dziecispiewaja.pl\/index.php?rest_route=\/wp\/v2\/product"}],"about":[{"href":"https:\/\/dziecispiewaja.pl\/index.php?rest_route=\/wp\/v2\/types\/product"}],"replies":[{"embeddable":true,"href":"https:\/\/dziecispiewaja.pl\/index.php?rest_route=%2Fwp%2Fv2%2Fcomments&post=2455"}],"wp:featuredmedia":[{"embeddable":true,"href":"https:\/\/dziecispiewaja.pl\/index.php?rest_route=\/wp\/v2\/media\/2458"}],"wp:attachment":[{"href":"https:\/\/dziecispiewaja.pl\/index.php?rest_route=%2Fwp%2Fv2%2Fmedia&parent=2455"}],"wp:term":[{"taxonomy":"product_brand","embeddable":true,"href":"https:\/\/dziecispiewaja.pl\/index.php?rest_route=%2Fwp%2Fv2%2Fproduct_brand&post=2455"},{"taxonomy":"product_cat","embeddable":true,"href":"https:\/\/dziecispiewaja.pl\/index.php?rest_route=%2Fwp%2Fv2%2Fproduct_cat&post=2455"},{"taxonomy":"product_tag","embeddable":true,"href":"https:\/\/dziecispiewaja.pl\/index.php?rest_route=%2Fwp%2Fv2%2Fproduct_tag&post=2455"}],"curies":[{"name":"wp","href":"https:\/\/api.w.org\/{rel}","templated":true}]}}